{"id":5919,"date":"2018-02-08T19:29:00","date_gmt":"2018-02-08T18:29:00","guid":{"rendered":"http:\/\/vincentgourdon.com\/?page_id=5919"},"modified":"2020-11-03T11:33:37","modified_gmt":"2020-11-03T10:33:37","slug":"tarifs","status":"publish","type":"page","link":"https:\/\/vincentgourdon.com\/en\/tarifs\/","title":{"rendered":"Tarifs"},"content":{"rendered":"<div id=\"fws_69f5880a1c525\"  data-column-margin=\"default\" data-midnight=\"dark\" data-top-percent=\"3%\"  class=\"wpb_row vc_row-fluid vc_row full-width-section\"  style=\"padding-top: calc(100vw * 0.03); padding-bottom: 0px; \"><div class=\"row-bg-wrap\" data-bg-animation=\"none\" data-bg-animation-delay=\"\" data-bg-overlay=\"false\"><div class=\"inner-wrap row-bg-layer\" ><div class=\"row-bg viewport-desktop\"  style=\"\"><\/div><\/div><\/div><div class=\"row_col_wrap_12 col span_12 dark left\">\n\t<div  class=\"vc_col-sm-12 wpb_column column_container vc_column_container col no-extra-padding\"  data-padding-pos=\"all\" data-has-bg-color=\"false\" data-bg-color=\"\" data-bg-opacity=\"1\" data-animation=\"\" data-delay=\"0\" >\n\t\t<div class=\"vc_column-inner\" >\n\t\t\t<div class=\"wpb_wrapper\">\n\t\t\t\t<div class=\"row pricing-table three-cols\" data-style=\"flat-alternative\"><div class=\"pricing-column no-highlight extra-color-1\">\n\t\t\t<h3>Portrait<\/h3>\n          <div class=\"pricing-column-content\">\n\t\t\t<h4> <span class=\"dollar-sign\">\u20ac<\/span> 200 <\/h4>\n\t\t\t<span class=\"interval\">s\u00e9ance<\/span><img loading=\"lazy\" decoding=\"async\" class=\"wp-image-6320 size-medium aligncenter\" src=\"https:\/\/vincentgourdon.com\/wp-content\/uploads\/2019\/08\/Miniatures-tarif-Portrait-300x200.jpg\" alt=\"\" width=\"300\" height=\"200\" srcset=\"https:\/\/vincentgourdon.com\/wp-content\/uploads\/2019\/08\/Miniatures-tarif-Portrait-300x200.jpg 300w, https:\/\/vincentgourdon.com\/wp-content\/uploads\/2019\/08\/Miniatures-tarif-Portrait-600x400.jpg 600w, https:\/\/vincentgourdon.com\/wp-content\/uploads\/2019\/08\/Miniatures-tarif-Portrait.jpg 750w\" sizes=\"auto, (max-width: 300px) 100vw, 300px\" \/><\/p>\n<p>&nbsp;<\/p>\n<p>S\u00e9ance d&rsquo;une heure et demi<\/p>\n<p>10-20 images en couleurs et copie N&amp;B<\/p>\n<p>Livraison via t\u00e9l\u00e9chargement en HD et SD<\/p>\n<p>Option photo argentique possible<\/div><\/div><div class=\"pricing-column no-highlight extra-color-1\">\n\t\t\t<h3>Reportage<\/h3>\n          <div class=\"pricing-column-content\">\n\t\t\t<h4> <span class=\"dollar-sign\">\u20ac<\/span> 500 <\/h4>\n\t\t\t<span class=\"interval\">journ\u00e9e<\/span><img loading=\"lazy\" decoding=\"async\" class=\"size-medium wp-image-6322 aligncenter\" src=\"https:\/\/vincentgourdon.com\/wp-content\/uploads\/2019\/08\/Miniatures-tarif-reportage-300x200.jpg\" alt=\"\" width=\"300\" height=\"200\" srcset=\"https:\/\/vincentgourdon.com\/wp-content\/uploads\/2019\/08\/Miniatures-tarif-reportage-300x200.jpg 300w, https:\/\/vincentgourdon.com\/wp-content\/uploads\/2019\/08\/Miniatures-tarif-reportage-600x400.jpg 600w, https:\/\/vincentgourdon.com\/wp-content\/uploads\/2019\/08\/Miniatures-tarif-reportage.jpg 750w\" sizes=\"auto, (max-width: 300px) 100vw, 300px\" \/><\/p>\n<p>&nbsp;<\/p>\n<p>Prestation sur-mesure<\/p>\n<p>Tous types d&rsquo;\u00e9v\u00e8nements (sportif, corporate, c\u00e9r\u00e9monie)<\/p>\n<p>Livraison via t\u00e9l\u00e9chargement en HD et SD<\/p>\n<p>Nombre d&rsquo;images selon la demande<\/div><\/div><div class=\"pricing-column no-highlight extra-color-1\">\n\t\t\t<h3>Mariage<\/h3>\n          <div class=\"pricing-column-content\">\n\t\t\t<h4> <span class=\"dollar-sign\">\u20ac<\/span> 1200 <\/h4>\n\t\t\t<span class=\"interval\">journ\u00e9e<\/span><img loading=\"lazy\" decoding=\"async\" class=\"wp-image-6321 size-medium aligncenter\" src=\"https:\/\/vincentgourdon.com\/wp-content\/uploads\/2019\/08\/Miniatures-tarif-mariage-300x200.jpg\" alt=\"\" width=\"300\" height=\"200\" srcset=\"https:\/\/vincentgourdon.com\/wp-content\/uploads\/2019\/08\/Miniatures-tarif-mariage-300x200.jpg 300w, https:\/\/vincentgourdon.com\/wp-content\/uploads\/2019\/08\/Miniatures-tarif-mariage-600x400.jpg 600w, https:\/\/vincentgourdon.com\/wp-content\/uploads\/2019\/08\/Miniatures-tarif-mariage.jpg 750w\" sizes=\"auto, (max-width: 300px) 100vw, 300px\" \/><\/p>\n<p>&nbsp;<\/p>\n<p>Disponible de 7h le matin jusqu&rsquo;a minuit<\/p>\n<p>S\u00e9ance d&rsquo;une heure uniquement avec les mari\u00e9s (le jour m\u00eame ou apr\u00e8s le mariage)<\/p>\n<p>Reportage toute la journ\u00e9e en autonomie<\/p>\n<p>200 \u00e0 300 images en couleurs et copie N&amp;B<\/p>\n<p>Livraison via t\u00e9l\u00e9chargement en HD et SD<\/div><\/div><\/div>\n\t\t\t<\/div> \n\t\t<\/div>\n\t<\/div> \n<\/div><\/div>\n\t\t<div id=\"fws_69f5880a1d3dc\"  data-column-margin=\"default\" data-midnight=\"dark\"  class=\"wpb_row vc_row-fluid vc_row\"  style=\"padding-top: 0px; padding-bottom: 0px; \"><div class=\"row-bg-wrap\" data-bg-animation=\"none\" data-bg-animation-delay=\"\" data-bg-overlay=\"false\"><div class=\"inner-wrap row-bg-layer\" ><div class=\"row-bg viewport-desktop\"  style=\"\"><\/div><\/div><\/div><div class=\"row_col_wrap_12 col span_12 dark left\">\n\t<div  class=\"vc_col-sm-12 wpb_column column_container vc_column_container col no-extra-padding\"  data-padding-pos=\"all\" data-has-bg-color=\"false\" data-bg-color=\"\" data-bg-opacity=\"1\" data-animation=\"\" data-delay=\"0\" >\n\t\t<div class=\"vc_column-inner\" >\n\t\t\t<div class=\"wpb_wrapper\">\n\t\t\t\t<div class=\"divider-wrap\" data-alignment=\"default\"><div style=\"margin-top: 5px; height: 2px; margin-bottom: 5px;\" data-width=\"100%\" data-animate=\"yes\" data-animation-delay=\"500\" data-color=\"extra-color-1\" class=\"divider-border\"><\/div><\/div>\n\t\t\t<\/div> \n\t\t<\/div>\n\t<\/div> \n<\/div><\/div>\n\t\t<div id=\"fws_69f5880a1dafd\"  data-column-margin=\"default\" data-midnight=\"dark\" data-top-percent=\"3%\" data-bottom-percent=\"10%\"  class=\"wpb_row vc_row-fluid vc_row full-width-section\"  style=\"padding-top: calc(100vw * 0.03); padding-bottom: calc(100vw * 0.10); \"><div class=\"row-bg-wrap\" data-bg-animation=\"none\" data-bg-animation-delay=\"\" data-bg-overlay=\"false\"><div class=\"inner-wrap row-bg-layer\" ><div class=\"row-bg viewport-desktop\"  style=\"\"><\/div><\/div><\/div><div class=\"row_col_wrap_12 col span_12 dark center\">\n\t<div  class=\"vc_col-sm-12 wpb_column column_container vc_column_container col centered-text no-extra-padding\"  data-padding-pos=\"all\" data-has-bg-color=\"false\" data-bg-color=\"\" data-bg-opacity=\"1\" data-animation=\"\" data-delay=\"0\" >\n\t\t<div class=\"vc_column-inner\" >\n\t\t\t<div class=\"wpb_wrapper\">\n\t\t\t\t<h2 style=\"text-align: center\" class=\"vc_custom_heading vc_do_custom_heading wpb_animate_when_almost_visible wpb_slideInDown slideInDown\" >Un projet en particulier ?<\/h2><div id=\"fws_69f5880a1e768\" data-midnight=\"\" data-column-margin=\"default\" class=\"wpb_row vc_row-fluid vc_row inner_row\"  style=\"\"><div class=\"row-bg-wrap\"> <div class=\"row-bg\" ><\/div> <\/div><div class=\"row_col_wrap_12_inner col span_12  left\">\n\t<div style=\"margin-top: 4%; \" class=\"vc_col-sm-12 wpb_column column_container vc_column_container col child_column padding-3-percent\"   data-padding-pos=\"all\" data-has-bg-color=\"false\" data-bg-color=\"\" data-bg-opacity=\"1\" data-animation=\"\" data-delay=\"0\" >\n\t\t<div class=\"vc_column-inner\" >\n\t\t<div class=\"wpb_wrapper\">\n\t\t\t<a class=\"nectar-button large see-through-2  has-icon wpb_animate_when_almost_visible wpb_fadeInDown fadeInDown\"  role=\"button\" style=\"border-color: #000000; color: #000000;\"  href=\"https:\/\/vincentgourdon.com\/en\/contact\/\" data-color-override=\"#000000\"  data-hover-color-override=\"#0a0a0a\" data-hover-text-color-override=\"#ffffff\"><span>Me contacter<\/span><i  class=\"icon-button-arrow\"><\/i><\/a>\n\t\t<\/div> \n\t<\/div>\n\t<\/div> \n<\/div><\/div>\n\t\t\t<\/div> \n\t\t<\/div>\n\t<\/div> \n<\/div><\/div>","protected":false},"excerpt":{"rendered":"Portrait \u20ac 200 s\u00e9ance &nbsp; S\u00e9ance d'une heure et demi 10-20 images en couleurs et copie N&amp;B Livraison via t\u00e9l\u00e9chargement en HD et SD Option photo argentique possible Reportage \u20ac...","protected":false},"author":1,"featured_media":0,"parent":0,"menu_order":0,"comment_status":"closed","ping_status":"closed","template":"","meta":{"inline_featured_image":false,"jetpack_post_was_ever_published":false,"footnotes":""},"class_list":["post-5919","page","type-page","status-publish"],"jetpack_sharing_enabled":true,"jetpack_shortlink":"https:\/\/wp.me\/P9S7hB-1xt","_links":{"self":[{"href":"https:\/\/vincentgourdon.com\/en\/wp-json\/wp\/v2\/pages\/5919","targetHints":{"allow":["GET"]}}],"collection":[{"href":"https:\/\/vincentgourdon.com\/en\/wp-json\/wp\/v2\/pages"}],"about":[{"href":"https:\/\/vincentgourdon.com\/en\/wp-json\/wp\/v2\/types\/page"}],"author":[{"embeddable":true,"href":"https:\/\/vincentgourdon.com\/en\/wp-json\/wp\/v2\/users\/1"}],"replies":[{"embeddable":true,"href":"https:\/\/vincentgourdon.com\/en\/wp-json\/wp\/v2\/comments?post=5919"}],"version-history":[{"count":72,"href":"https:\/\/vincentgourdon.com\/en\/wp-json\/wp\/v2\/pages\/5919\/revisions"}],"predecessor-version":[{"id":6779,"href":"https:\/\/vincentgourdon.com\/en\/wp-json\/wp\/v2\/pages\/5919\/revisions\/6779"}],"wp:attachment":[{"href":"https:\/\/vincentgourdon.com\/en\/wp-json\/wp\/v2\/media?parent=5919"}],"curies":[{"name":"wp","href":"https:\/\/api.w.org\/{rel}","templated":true}]}}